{"id":3917,"date":"2026-01-06T09:36:53","date_gmt":"2026-01-06T09:36:53","guid":{"rendered":"https:\/\/medialed.be\/?page_id=3917"},"modified":"2026-01-06T09:36:53","modified_gmt":"2026-01-06T09:36:53","slug":"lcd-screen","status":"publish","type":"page","link":"https:\/\/medialed.be\/en\/lcd-screen\/","title":{"rendered":"LCD screen"},"content":{"rendered":"","protected":false},"excerpt":{"rendered":"","protected":false},"author":3,"featured_media":0,"parent":0,"menu_order":131,"comment_status":"closed","ping_status":"closed","template":"template-custom.blade.php","meta":{"_acf_changed":false,"inline_featured_image":false,"footnotes":""},"class_list":["post-3917","page","type-page","status-publish","hentry"],"acf":[],"yoast_head":"<!-- This site is optimized with the Yoast SEO Premium plugin v25.3 (Yoast SEO v25.3) - https:\/\/yoast.com\/wordpress\/plugins\/seo\/ -->\n<title>Ecran LED de 6m2 pour la location - Medialed<\/title>\n<meta name=\"description\" content=\"Ecran led de 6m2 pour la location avec un pitch de 4.8mm sur 4 pieds \u00e0 louer pour retransmettre un \u00e9v\u00e9nement sportif ou diffuser une annonce.\" \/>\n<meta name=\"robots\" content=\"index, follow, max-snippet:-1, max-image-preview:large, max-video-preview:-1\" \/>\n<link rel=\"canonical\" href=\"https:\/\/medialed.be\/en\/lcd-screen\/\" \/>\n<meta property=\"og:locale\" content=\"en_US\" \/>\n<meta property=\"og:type\" content=\"article\" \/>\n<meta property=\"og:title\" content=\"LCD screen\" \/>\n<meta property=\"og:description\" content=\"Ecran led de 6m2 pour la location avec un pitch de 4.8mm sur 4 pieds \u00e0 louer pour retransmettre un \u00e9v\u00e9nement sportif ou diffuser une annonce.\" \/>\n<meta property=\"og:url\" content=\"https:\/\/medialed.be\/en\/lcd-screen\/\" \/>\n<meta property=\"og:site_name\" content=\"Medialed\" \/>\n<meta property=\"article:publisher\" content=\"https:\/\/www.facebook.com\/medialed.be\" \/>\n<meta property=\"og:image\" content=\"https:\/\/medialed.be\/app\/uploads\/2022\/08\/OG-Img-medialed.jpg\" \/>\n\t<meta property=\"og:image:width\" content=\"1841\" \/>\n\t<meta property=\"og:image:height\" content=\"888\" \/>\n\t<meta property=\"og:image:type\" content=\"image\/jpeg\" \/>\n<meta name=\"twitter:card\" content=\"summary_large_image\" \/>\n<meta name=\"twitter:label1\" content=\"Est. reading time\" \/>\n\t<meta name=\"twitter:data1\" content=\"2 minutes\" \/>\n<script type=\"application\/ld+json\" class=\"yoast-schema-graph\">{\"@context\":\"https:\/\/schema.org\",\"@graph\":[{\"@type\":\"WebPage\",\"@id\":\"https:\/\/medialed.be\/en\/lcd-screen\/\",\"url\":\"https:\/\/medialed.be\/en\/lcd-screen\/\",\"name\":\"Ecran LED de 6m2 pour la location - Medialed\",\"isPartOf\":{\"@id\":\"https:\/\/medialed.be\/en\/#website\"},\"datePublished\":\"2026-01-06T09:36:53+00:00\",\"description\":\"Ecran led de 6m2 pour la location avec un pitch de 4.8mm sur 4 pieds \u00e0 louer pour retransmettre un \u00e9v\u00e9nement sportif ou diffuser une annonce.\",\"breadcrumb\":{\"@id\":\"https:\/\/medialed.be\/en\/lcd-screen\/#breadcrumb\"},\"inLanguage\":\"en-US\",\"potentialAction\":[{\"@type\":\"ReadAction\",\"target\":[\"https:\/\/medialed.be\/en\/lcd-screen\/\"]}]},{\"@type\":\"BreadcrumbList\",\"@id\":\"https:\/\/medialed.be\/en\/lcd-screen\/#breadcrumb\",\"itemListElement\":[{\"@type\":\"ListItem\",\"position\":1,\"name\":\"Home\",\"item\":\"https:\/\/medialed.be\/en\/\"},{\"@type\":\"ListItem\",\"position\":2,\"name\":\"LCD screen\"}]},{\"@type\":\"WebSite\",\"@id\":\"https:\/\/medialed.be\/en\/#website\",\"url\":\"https:\/\/medialed.be\/en\/\",\"name\":\"Medialed.be\",\"description\":\"Be connected, rent a ledscreen\",\"publisher\":{\"@id\":\"https:\/\/medialed.be\/en\/#organization\"},\"potentialAction\":[{\"@type\":\"SearchAction\",\"target\":{\"@type\":\"EntryPoint\",\"urlTemplate\":\"https:\/\/medialed.be\/en\/?s={search_term_string}\"},\"query-input\":{\"@type\":\"PropertyValueSpecification\",\"valueRequired\":true,\"valueName\":\"search_term_string\"}}],\"inLanguage\":\"en-US\"},{\"@type\":\"Organization\",\"@id\":\"https:\/\/medialed.be\/en\/#organization\",\"name\":\"Medialed\",\"url\":\"https:\/\/medialed.be\/en\/\",\"logo\":{\"@type\":\"ImageObject\",\"inLanguage\":\"en-US\",\"@id\":\"https:\/\/medialed.be\/en\/#\/schema\/logo\/image\/\",\"url\":\"https:\/\/medialed.be\/app\/uploads\/2022\/05\/logo-expanded.svg\",\"contentUrl\":\"https:\/\/medialed.be\/app\/uploads\/2022\/05\/logo-expanded.svg\",\"width\":279,\"height\":63,\"caption\":\"Medialed\"},\"image\":{\"@id\":\"https:\/\/medialed.be\/en\/#\/schema\/logo\/image\/\"},\"sameAs\":[\"https:\/\/www.facebook.com\/medialed.be\",\"https:\/\/www.linkedin.com\/company\/medialed-sa\/?viewAsMember=true\"]}]}<\/script>\n<!-- \/ Yoast SEO Premium plugin. -->","yoast_head_json":{"title":"Ecran LED de 6m2 pour la location - Medialed","description":"Ecran led de 6m2 pour la location avec un pitch de 4.8mm sur 4 pieds \u00e0 louer pour retransmettre un \u00e9v\u00e9nement sportif ou diffuser une annonce.","robots":{"index":"index","follow":"follow","max-snippet":"max-snippet:-1","max-image-preview":"max-image-preview:large","max-video-preview":"max-video-preview:-1"},"canonical":"https:\/\/medialed.be\/en\/lcd-screen\/","og_locale":"en_US","og_type":"article","og_title":"LCD screen","og_description":"Ecran led de 6m2 pour la location avec un pitch de 4.8mm sur 4 pieds \u00e0 louer pour retransmettre un \u00e9v\u00e9nement sportif ou diffuser une annonce.","og_url":"https:\/\/medialed.be\/en\/lcd-screen\/","og_site_name":"Medialed","article_publisher":"https:\/\/www.facebook.com\/medialed.be","og_image":[{"width":1841,"height":888,"url":"https:\/\/medialed.be\/app\/uploads\/2022\/08\/OG-Img-medialed.jpg","type":"image\/jpeg"}],"twitter_card":"summary_large_image","twitter_misc":{"Est. reading time":"2 minutes"},"schema":{"@context":"https:\/\/schema.org","@graph":[{"@type":"WebPage","@id":"https:\/\/medialed.be\/en\/lcd-screen\/","url":"https:\/\/medialed.be\/en\/lcd-screen\/","name":"Ecran LED de 6m2 pour la location - Medialed","isPartOf":{"@id":"https:\/\/medialed.be\/en\/#website"},"datePublished":"2026-01-06T09:36:53+00:00","description":"Ecran led de 6m2 pour la location avec un pitch de 4.8mm sur 4 pieds \u00e0 louer pour retransmettre un \u00e9v\u00e9nement sportif ou diffuser une annonce.","breadcrumb":{"@id":"https:\/\/medialed.be\/en\/lcd-screen\/#breadcrumb"},"inLanguage":"en-US","potentialAction":[{"@type":"ReadAction","target":["https:\/\/medialed.be\/en\/lcd-screen\/"]}]},{"@type":"BreadcrumbList","@id":"https:\/\/medialed.be\/en\/lcd-screen\/#breadcrumb","itemListElement":[{"@type":"ListItem","position":1,"name":"Home","item":"https:\/\/medialed.be\/en\/"},{"@type":"ListItem","position":2,"name":"LCD screen"}]},{"@type":"WebSite","@id":"https:\/\/medialed.be\/en\/#website","url":"https:\/\/medialed.be\/en\/","name":"Medialed.be","description":"Be connected, rent a ledscreen","publisher":{"@id":"https:\/\/medialed.be\/en\/#organization"},"potentialAction":[{"@type":"SearchAction","target":{"@type":"EntryPoint","urlTemplate":"https:\/\/medialed.be\/en\/?s={search_term_string}"},"query-input":{"@type":"PropertyValueSpecification","valueRequired":true,"valueName":"search_term_string"}}],"inLanguage":"en-US"},{"@type":"Organization","@id":"https:\/\/medialed.be\/en\/#organization","name":"Medialed","url":"https:\/\/medialed.be\/en\/","logo":{"@type":"ImageObject","inLanguage":"en-US","@id":"https:\/\/medialed.be\/en\/#\/schema\/logo\/image\/","url":"https:\/\/medialed.be\/app\/uploads\/2022\/05\/logo-expanded.svg","contentUrl":"https:\/\/medialed.be\/app\/uploads\/2022\/05\/logo-expanded.svg","width":279,"height":63,"caption":"Medialed"},"image":{"@id":"https:\/\/medialed.be\/en\/#\/schema\/logo\/image\/"},"sameAs":["https:\/\/www.facebook.com\/medialed.be","https:\/\/www.linkedin.com\/company\/medialed-sa\/?viewAsMember=true"]}]}},"_links":{"self":[{"href":"https:\/\/medialed.be\/en\/wp-json\/wp\/v2\/pages\/3917","targetHints":{"allow":["GET"]}}],"collection":[{"href":"https:\/\/medialed.be\/en\/wp-json\/wp\/v2\/pages"}],"about":[{"href":"https:\/\/medialed.be\/en\/wp-json\/wp\/v2\/types\/page"}],"author":[{"embeddable":true,"href":"https:\/\/medialed.be\/en\/wp-json\/wp\/v2\/users\/3"}],"replies":[{"embeddable":true,"href":"https:\/\/medialed.be\/en\/wp-json\/wp\/v2\/comments?post=3917"}],"version-history":[{"count":2,"href":"https:\/\/medialed.be\/en\/wp-json\/wp\/v2\/pages\/3917\/revisions"}],"predecessor-version":[{"id":3919,"href":"https:\/\/medialed.be\/en\/wp-json\/wp\/v2\/pages\/3917\/revisions\/3919"}],"wp:attachment":[{"href":"https:\/\/medialed.be\/en\/wp-json\/wp\/v2\/media?parent=3917"}],"curies":[{"name":"wp","href":"https:\/\/api.w.org\/{rel}","templated":true}]}}