{"id":3195,"date":"2024-10-16T07:32:50","date_gmt":"2024-10-16T07:32:50","guid":{"rendered":"https:\/\/medialed.be\/?page_id=3195"},"modified":"2024-10-16T07:32:50","modified_gmt":"2024-10-16T07:32:50","slug":"tournai","status":"publish","type":"page","link":"https:\/\/medialed.be\/nl\/tournai\/","title":{"rendered":"Tournai"},"content":{"rendered":"","protected":false},"excerpt":{"rendered":"","protected":false},"author":3,"featured_media":0,"parent":0,"menu_order":0,"comment_status":"closed","ping_status":"closed","template":"template-custom.blade.php","meta":{"_acf_changed":false,"inline_featured_image":false,"footnotes":""},"class_list":["post-3195","page","type-page","status-publish","hentry"],"acf":[],"yoast_head":"<!-- This site is optimized with the Yoast SEO Premium plugin v25.3 (Yoast SEO v25.3) - https:\/\/yoast.com\/wordpress\/plugins\/seo\/ -->\n<title>Tournai - Medialed<\/title>\n<meta name=\"description\" content=\"Votre annonce en boucle sur un \u00e9cran led de 6m2 install\u00e9 sur un axe fort fr\u00e9quent\u00e9 \u00e0 Tournai durant 12 jours.\" \/>\n<meta name=\"robots\" content=\"index, follow, max-snippet:-1, max-image-preview:large, max-video-preview:-1\" \/>\n<link rel=\"canonical\" href=\"https:\/\/medialed.be\/nl\/tournai\/\" \/>\n<meta property=\"og:locale\" content=\"nl_NL\" \/>\n<meta property=\"og:type\" content=\"article\" \/>\n<meta property=\"og:title\" content=\"Tournai\" \/>\n<meta property=\"og:description\" content=\"Votre annonce en boucle sur un \u00e9cran led de 6m2 install\u00e9 sur un axe fort fr\u00e9quent\u00e9 \u00e0 Tournai durant 12 jours.\" \/>\n<meta property=\"og:url\" content=\"https:\/\/medialed.be\/nl\/tournai\/\" \/>\n<meta property=\"og:site_name\" content=\"Medialed\" \/>\n<meta property=\"article:publisher\" content=\"https:\/\/www.facebook.com\/medialed.be\" \/>\n<meta property=\"og:image\" content=\"https:\/\/medialed.be\/app\/uploads\/2022\/08\/OG-Img-medialed.jpg\" \/>\n\t<meta property=\"og:image:width\" content=\"1841\" \/>\n\t<meta property=\"og:image:height\" content=\"888\" \/>\n\t<meta property=\"og:image:type\" content=\"image\/jpeg\" \/>\n<meta name=\"twitter:card\" content=\"summary_large_image\" \/>\n<meta name=\"twitter:label1\" content=\"Est. reading time\" \/>\n\t<meta name=\"twitter:data1\" content=\"2 minutes\" \/>\n<script type=\"application\/ld+json\" class=\"yoast-schema-graph\">{\"@context\":\"https:\/\/schema.org\",\"@graph\":[{\"@type\":\"WebPage\",\"@id\":\"https:\/\/medialed.be\/nl\/tournai\/\",\"url\":\"https:\/\/medialed.be\/nl\/tournai\/\",\"name\":\"Tournai - Medialed\",\"isPartOf\":{\"@id\":\"https:\/\/medialed.be\/nl\/#website\"},\"datePublished\":\"2024-10-16T07:32:50+00:00\",\"description\":\"Votre annonce en boucle sur un \u00e9cran led de 6m2 install\u00e9 sur un axe fort fr\u00e9quent\u00e9 \u00e0 Tournai durant 12 jours.\",\"breadcrumb\":{\"@id\":\"https:\/\/medialed.be\/nl\/tournai\/#breadcrumb\"},\"inLanguage\":\"nl-NL\",\"potentialAction\":[{\"@type\":\"ReadAction\",\"target\":[\"https:\/\/medialed.be\/nl\/tournai\/\"]}]},{\"@type\":\"BreadcrumbList\",\"@id\":\"https:\/\/medialed.be\/nl\/tournai\/#breadcrumb\",\"itemListElement\":[{\"@type\":\"ListItem\",\"position\":1,\"name\":\"Home\",\"item\":\"https:\/\/medialed.be\/nl\/\"},{\"@type\":\"ListItem\",\"position\":2,\"name\":\"Tournai\"}]},{\"@type\":\"WebSite\",\"@id\":\"https:\/\/medialed.be\/nl\/#website\",\"url\":\"https:\/\/medialed.be\/nl\/\",\"name\":\"Medialed.be\",\"description\":\"Be connected, rent a ledscreen\",\"publisher\":{\"@id\":\"https:\/\/medialed.be\/nl\/#organization\"},\"potentialAction\":[{\"@type\":\"SearchAction\",\"target\":{\"@type\":\"EntryPoint\",\"urlTemplate\":\"https:\/\/medialed.be\/nl\/?s={search_term_string}\"},\"query-input\":{\"@type\":\"PropertyValueSpecification\",\"valueRequired\":true,\"valueName\":\"search_term_string\"}}],\"inLanguage\":\"nl-NL\"},{\"@type\":\"Organization\",\"@id\":\"https:\/\/medialed.be\/nl\/#organization\",\"name\":\"Medialed\",\"url\":\"https:\/\/medialed.be\/nl\/\",\"logo\":{\"@type\":\"ImageObject\",\"inLanguage\":\"nl-NL\",\"@id\":\"https:\/\/medialed.be\/nl\/#\/schema\/logo\/image\/\",\"url\":\"https:\/\/medialed.be\/app\/uploads\/2022\/05\/logo-expanded.svg\",\"contentUrl\":\"https:\/\/medialed.be\/app\/uploads\/2022\/05\/logo-expanded.svg\",\"width\":279,\"height\":63,\"caption\":\"Medialed\"},\"image\":{\"@id\":\"https:\/\/medialed.be\/nl\/#\/schema\/logo\/image\/\"},\"sameAs\":[\"https:\/\/www.facebook.com\/medialed.be\",\"https:\/\/www.linkedin.com\/company\/medialed-sa\/?viewAsMember=true\"]}]}<\/script>\n<!-- \/ Yoast SEO Premium plugin. -->","yoast_head_json":{"title":"Tournai - Medialed","description":"Votre annonce en boucle sur un \u00e9cran led de 6m2 install\u00e9 sur un axe fort fr\u00e9quent\u00e9 \u00e0 Tournai durant 12 jours.","robots":{"index":"index","follow":"follow","max-snippet":"max-snippet:-1","max-image-preview":"max-image-preview:large","max-video-preview":"max-video-preview:-1"},"canonical":"https:\/\/medialed.be\/nl\/tournai\/","og_locale":"nl_NL","og_type":"article","og_title":"Tournai","og_description":"Votre annonce en boucle sur un \u00e9cran led de 6m2 install\u00e9 sur un axe fort fr\u00e9quent\u00e9 \u00e0 Tournai durant 12 jours.","og_url":"https:\/\/medialed.be\/nl\/tournai\/","og_site_name":"Medialed","article_publisher":"https:\/\/www.facebook.com\/medialed.be","og_image":[{"width":1841,"height":888,"url":"https:\/\/medialed.be\/app\/uploads\/2022\/08\/OG-Img-medialed.jpg","type":"image\/jpeg"}],"twitter_card":"summary_large_image","twitter_misc":{"Est. reading time":"2 minutes"},"schema":{"@context":"https:\/\/schema.org","@graph":[{"@type":"WebPage","@id":"https:\/\/medialed.be\/nl\/tournai\/","url":"https:\/\/medialed.be\/nl\/tournai\/","name":"Tournai - Medialed","isPartOf":{"@id":"https:\/\/medialed.be\/nl\/#website"},"datePublished":"2024-10-16T07:32:50+00:00","description":"Votre annonce en boucle sur un \u00e9cran led de 6m2 install\u00e9 sur un axe fort fr\u00e9quent\u00e9 \u00e0 Tournai durant 12 jours.","breadcrumb":{"@id":"https:\/\/medialed.be\/nl\/tournai\/#breadcrumb"},"inLanguage":"nl-NL","potentialAction":[{"@type":"ReadAction","target":["https:\/\/medialed.be\/nl\/tournai\/"]}]},{"@type":"BreadcrumbList","@id":"https:\/\/medialed.be\/nl\/tournai\/#breadcrumb","itemListElement":[{"@type":"ListItem","position":1,"name":"Home","item":"https:\/\/medialed.be\/nl\/"},{"@type":"ListItem","position":2,"name":"Tournai"}]},{"@type":"WebSite","@id":"https:\/\/medialed.be\/nl\/#website","url":"https:\/\/medialed.be\/nl\/","name":"Medialed.be","description":"Be connected, rent a ledscreen","publisher":{"@id":"https:\/\/medialed.be\/nl\/#organization"},"potentialAction":[{"@type":"SearchAction","target":{"@type":"EntryPoint","urlTemplate":"https:\/\/medialed.be\/nl\/?s={search_term_string}"},"query-input":{"@type":"PropertyValueSpecification","valueRequired":true,"valueName":"search_term_string"}}],"inLanguage":"nl-NL"},{"@type":"Organization","@id":"https:\/\/medialed.be\/nl\/#organization","name":"Medialed","url":"https:\/\/medialed.be\/nl\/","logo":{"@type":"ImageObject","inLanguage":"nl-NL","@id":"https:\/\/medialed.be\/nl\/#\/schema\/logo\/image\/","url":"https:\/\/medialed.be\/app\/uploads\/2022\/05\/logo-expanded.svg","contentUrl":"https:\/\/medialed.be\/app\/uploads\/2022\/05\/logo-expanded.svg","width":279,"height":63,"caption":"Medialed"},"image":{"@id":"https:\/\/medialed.be\/nl\/#\/schema\/logo\/image\/"},"sameAs":["https:\/\/www.facebook.com\/medialed.be","https:\/\/www.linkedin.com\/company\/medialed-sa\/?viewAsMember=true"]}]}},"_links":{"self":[{"href":"https:\/\/medialed.be\/nl\/wp-json\/wp\/v2\/pages\/3195","targetHints":{"allow":["GET"]}}],"collection":[{"href":"https:\/\/medialed.be\/nl\/wp-json\/wp\/v2\/pages"}],"about":[{"href":"https:\/\/medialed.be\/nl\/wp-json\/wp\/v2\/types\/page"}],"author":[{"embeddable":true,"href":"https:\/\/medialed.be\/nl\/wp-json\/wp\/v2\/users\/3"}],"replies":[{"embeddable":true,"href":"https:\/\/medialed.be\/nl\/wp-json\/wp\/v2\/comments?post=3195"}],"version-history":[{"count":2,"href":"https:\/\/medialed.be\/nl\/wp-json\/wp\/v2\/pages\/3195\/revisions"}],"predecessor-version":[{"id":3383,"href":"https:\/\/medialed.be\/nl\/wp-json\/wp\/v2\/pages\/3195\/revisions\/3383"}],"wp:attachment":[{"href":"https:\/\/medialed.be\/nl\/wp-json\/wp\/v2\/media?parent=3195"}],"curies":[{"name":"wp","href":"https:\/\/api.w.org\/{rel}","templated":true}]}}